{"id":195,"date":"2025-01-15T15:48:47","date_gmt":"2025-01-15T15:48:47","guid":{"rendered":"https:\/\/groupemoretto.com\/deux-roues\/?page_id=195"},"modified":"2025-01-16T15:11:16","modified_gmt":"2025-01-16T15:11:16","slug":"mentions-legales","status":"publish","type":"page","link":"https:\/\/groupemoretto.com\/deux-roues\/?page_id=195","title":{"rendered":"Mentions Legales"},"content":{"rendered":"\t\t<div data-elementor-type=\"wp-page\" data-elementor-id=\"195\" class=\"elementor elementor-195\" data-elementor-post-type=\"page\">\n\t\t\t\t<div class=\"elementor-element elementor-element-18d5a475 e-flex e-con-boxed e-con e-parent\" data-id=\"18d5a475\" data-element_type=\"container\" data-e-type=\"container\">\n\t\t\t\t\t<div class=\"e-con-inner\">\n\t\t\t\t<div class=\"elementor-element elementor-element-6b3c6f2 elementor-widget elementor-widget-heading\" data-id=\"6b3c6f2\" data-element_type=\"widget\" data-e-type=\"widget\" data-widget_type=\"heading.default\">\n\t\t\t\t<div class=\"elementor-widget-container\">\n\t\t\t\t\t<h2 class=\"elementor-heading-title elementor-size-default\">MENTIONS LEGALES<\/h2>\t\t\t\t<\/div>\n\t\t\t\t<\/div>\n\t\t\t\t<div class=\"elementor-element elementor-element-73acc28 elementor-widget elementor-widget-heading\" data-id=\"73acc28\" data-element_type=\"widget\" data-e-type=\"widget\" data-widget_type=\"heading.default\">\n\t\t\t\t<div class=\"elementor-widget-container\">\n\t\t\t\t\t<h2 class=\"elementor-heading-title elementor-size-default\">LES MENTIONS L\u00c9GALES DU GROUPE MORETTO - MVM 55 <\/h2>\t\t\t\t<\/div>\n\t\t\t\t<\/div>\n\t\t\t\t<div class=\"elementor-element elementor-element-93f8bc8 elementor-widget-divider--view-line elementor-widget elementor-widget-divider\" data-id=\"93f8bc8\" data-element_type=\"widget\" data-e-type=\"widget\" data-widget_type=\"divider.default\">\n\t\t\t\t<div class=\"elementor-widget-container\">\n\t\t\t\t\t\t\t<div class=\"elementor-divider\">\n\t\t\t<span class=\"elementor-divider-separator\">\n\t\t\t\t\t\t<\/span>\n\t\t<\/div>\n\t\t\t\t\t\t<\/div>\n\t\t\t\t<\/div>\n\t\t\t\t<div class=\"elementor-element elementor-element-fffac8b elementor-widget elementor-widget-text-editor\" data-id=\"fffac8b\" data-element_type=\"widget\" data-e-type=\"widget\" data-widget_type=\"text-editor.default\">\n\t\t\t\t<div class=\"elementor-widget-container\">\n\t\t\t\t\t\t\t\t\t<p>Groupe Moretto\u00a0compos\u00e9 des enseignes JM Automobiles, JM Automobiles 57, Seven autombiles, Fast automobiles, Azur Motors et AKA Motors.<\/p><p>Si\u00e8ge social : JM Automobiles,\u00a0ZEI DU WAMEAU 55430 BELLEVILLE<\/p><p>Siren JM Automobiles : 379070832<\/p><p>Directeur de la publication :\u00a0Arnaud Mathieu<\/p>\t\t\t\t\t\t\t\t<\/div>\n\t\t\t\t<\/div>\n\t\t\t\t<div class=\"elementor-element elementor-element-017a1bd elementor-widget elementor-widget-heading\" data-id=\"017a1bd\" data-element_type=\"widget\" data-e-type=\"widget\" data-widget_type=\"heading.default\">\n\t\t\t\t<div class=\"elementor-widget-container\">\n\t\t\t\t\t<h2 class=\"elementor-heading-title elementor-size-default\">CONDITIONS G\u00c9N\u00c9RALES D'UTILISATION <\/h2>\t\t\t\t<\/div>\n\t\t\t\t<\/div>\n\t\t\t\t<div class=\"elementor-element elementor-element-dddd778 elementor-widget-divider--view-line elementor-widget elementor-widget-divider\" data-id=\"dddd778\" data-element_type=\"widget\" data-e-type=\"widget\" data-widget_type=\"divider.default\">\n\t\t\t\t<div class=\"elementor-widget-container\">\n\t\t\t\t\t\t\t<div class=\"elementor-divider\">\n\t\t\t<span class=\"elementor-divider-separator\">\n\t\t\t\t\t\t<\/span>\n\t\t<\/div>\n\t\t\t\t\t\t<\/div>\n\t\t\t\t<\/div>\n\t\t\t\t<div class=\"elementor-element elementor-element-d3d8702 elementor-widget elementor-widget-text-editor\" data-id=\"d3d8702\" data-element_type=\"widget\" data-e-type=\"widget\" data-widget_type=\"text-editor.default\">\n\t\t\t\t<div class=\"elementor-widget-container\">\n\t\t\t\t\t\t\t\t\t<p>L\u2019utilisation de ce service est r\u00e9serv\u00e9e \u00e0 un usage strictement personnel.<br \/><br \/>Toute reproduction ou repr\u00e9sentation, en tout ou partie, \u00e0 d\u2019autres fins sur un quelconque support est interdite sans l\u2019autorisation expresse et pr\u00e9alable de la soci\u00e9t\u00e9 Groupe Moretto et constituerait une contrefa\u00e7on au sens des articles L 335-2 et suivants du code de la propri\u00e9t\u00e9 intellectuelle.<br \/><br \/>Le non-respect de cette interdiction constitue une contrefa\u00e7on pouvant engager la responsabilit\u00e9 civile et p\u00e9nale du contrefacteur.<br \/><br \/>Les informations contenues dans ce service sont non contractuelles et sujettes \u00e0 modification sans pr\u00e9avis.<br \/><br \/>Les liens hypertextes mis en \u0153uvre au sein du site Groupe Moretto en direction d\u2019autres sites et d\u2019une mani\u00e8re g\u00e9n\u00e9rale vers toutes ressources existantes sur internet ne sauraient engager la responsabilit\u00e9 de la soci\u00e9t\u00e9.<\/p>\t\t\t\t\t\t\t\t<\/div>\n\t\t\t\t<\/div>\n\t\t\t\t<div class=\"elementor-element elementor-element-f6d0216 elementor-widget elementor-widget-heading\" data-id=\"f6d0216\" data-element_type=\"widget\" data-e-type=\"widget\" data-widget_type=\"heading.default\">\n\t\t\t\t<div class=\"elementor-widget-container\">\n\t\t\t\t\t<h2 class=\"elementor-heading-title elementor-size-default\">REPRODUCTION SUR SUPPORT PAPIER<\/h2>\t\t\t\t<\/div>\n\t\t\t\t<\/div>\n\t\t\t\t<div class=\"elementor-element elementor-element-0cc7ca8 elementor-widget-divider--view-line elementor-widget elementor-widget-divider\" data-id=\"0cc7ca8\" data-element_type=\"widget\" data-e-type=\"widget\" data-widget_type=\"divider.default\">\n\t\t\t\t<div class=\"elementor-widget-container\">\n\t\t\t\t\t\t\t<div class=\"elementor-divider\">\n\t\t\t<span class=\"elementor-divider-separator\">\n\t\t\t\t\t\t<\/span>\n\t\t<\/div>\n\t\t\t\t\t\t<\/div>\n\t\t\t\t<\/div>\n\t\t\t\t<div class=\"elementor-element elementor-element-56ada14 elementor-widget elementor-widget-text-editor\" data-id=\"56ada14\" data-element_type=\"widget\" data-e-type=\"widget\" data-widget_type=\"text-editor.default\">\n\t\t\t\t<div class=\"elementor-widget-container\">\n\t\t\t\t\t\t\t\t\t<p>\u00c0 l\u2019exception de l\u2019iconographie, la reproduction des pages de ce site sur un support papier est autoris\u00e9e, sous r\u00e9serve du respect des trois conditions suivantes :\u2028<\/p>\n<p>\u2013 gratuit\u00e9 de la diffusion,\u2028<\/p>\n<p>\u2013 respect de l\u2019int\u00e9grit\u00e9 des documents reproduits (aucune modification, ni alt\u00e9ration d\u2019aucune sorte),\u2028<\/p>\n<p>\u2013 citation explicite du site www.groupemoretto.com comme source et mention que les droits de reproduction sont r\u00e9serv\u00e9s et strictement limit\u00e9s.<\/p>\t\t\t\t\t\t\t\t<\/div>\n\t\t\t\t<\/div>\n\t\t\t\t<div class=\"elementor-element elementor-element-24640b7 elementor-widget elementor-widget-heading\" data-id=\"24640b7\" data-element_type=\"widget\" data-e-type=\"widget\" data-widget_type=\"heading.default\">\n\t\t\t\t<div class=\"elementor-widget-container\">\n\t\t\t\t\t<h2 class=\"elementor-heading-title elementor-size-default\">REPRODUCTION SUR SUPPORT \u00c9LECTRONIQUE<\/h2>\t\t\t\t<\/div>\n\t\t\t\t<\/div>\n\t\t\t\t<div class=\"elementor-element elementor-element-befc769 elementor-widget-divider--view-line elementor-widget elementor-widget-divider\" data-id=\"befc769\" data-element_type=\"widget\" data-e-type=\"widget\" data-widget_type=\"divider.default\">\n\t\t\t\t<div class=\"elementor-widget-container\">\n\t\t\t\t\t\t\t<div class=\"elementor-divider\">\n\t\t\t<span class=\"elementor-divider-separator\">\n\t\t\t\t\t\t<\/span>\n\t\t<\/div>\n\t\t\t\t\t\t<\/div>\n\t\t\t\t<\/div>\n\t\t\t\t<div class=\"elementor-element elementor-element-2035659 elementor-widget elementor-widget-text-editor\" data-id=\"2035659\" data-element_type=\"widget\" data-e-type=\"widget\" data-widget_type=\"text-editor.default\">\n\t\t\t\t<div class=\"elementor-widget-container\">\n\t\t\t\t\t\t\t\t\t<p>La reproduction de tout ou partie de ce site sur un support \u00e9lectronique est autoris\u00e9e sous r\u00e9serve de l\u2019ajout de fa\u00e7on claire et lisible de la source www.groupemoretto.com et de la mention \u00ab\u00a0Droits r\u00e9serv\u00e9s\u00a0\u00bb.<br \/><br \/>Les informations utilis\u00e9es ne doivent l\u2019\u00eatre qu\u2019\u00e0 des fins personnelles, associatives ou professionnelles ; toute utilisation \u00e0 des fins commerciales ou publicitaires est exclue.<br \/><br \/>Cr\u00e9ation de liens vers le site www.groupemoretto.com<br \/><br \/>Groupe Moretto autorise la mise en place d\u2019un lien hypertexte pointant vers son contenu, sous r\u00e9serve de :<br \/><br \/>Ne pas utiliser la technique du lien profond (\u00ab\u00a0deep linking\u00a0\u00bb), c\u2019est-\u00e0-dire que les pages du site (groupemoretto.com) ne doivent pas \u00eatre imbriqu\u00e9es \u00e0 l\u2019int\u00e9rieur des pages d\u2019un autre site, mais accessible par l\u2019ouverture d\u2019une fen\u00eatre.<br \/><br \/>Mentionner la source qui pointera gr\u00e2ce \u00e0 un lien hypertexte directement sur le contenu vis\u00e9.<br \/><br \/>Les informations utilis\u00e9es ne doivent l\u2019\u00eatre qu\u2019\u00e0 des fins personnelles, associatives ou professionnelles ; toute utilisation \u00e0 des fins commerciales ou publicitaires est exclue.<br \/><br \/>Attention ! Cette autorisation ne s\u2019applique pas aux sites internet diffusant des informations \u00e0 caract\u00e8re pol\u00e9mique, pornographique, x\u00e9nophobe ou pouvant, dans une plus large mesure porter atteinte \u00e0 la sensibilit\u00e9 du plus grand nombre.<br \/><br \/>Pour toute autre utilisation, merci de nous consulter.<\/p>\t\t\t\t\t\t\t\t<\/div>\n\t\t\t\t<\/div>\n\t\t\t\t<div class=\"elementor-element elementor-element-0209297 elementor-widget elementor-widget-heading\" data-id=\"0209297\" data-element_type=\"widget\" data-e-type=\"widget\" data-widget_type=\"heading.default\">\n\t\t\t\t<div class=\"elementor-widget-container\">\n\t\t\t\t\t<h2 class=\"elementor-heading-title elementor-size-default\">CONFIDENTIALIT\u00c9 ET PROTECTION DES DONN\u00c9ES PERSONNELLES <\/h2>\t\t\t\t<\/div>\n\t\t\t\t<\/div>\n\t\t\t\t<div class=\"elementor-element elementor-element-1cff919 elementor-widget-divider--view-line elementor-widget elementor-widget-divider\" data-id=\"1cff919\" data-element_type=\"widget\" data-e-type=\"widget\" data-widget_type=\"divider.default\">\n\t\t\t\t<div class=\"elementor-widget-container\">\n\t\t\t\t\t\t\t<div class=\"elementor-divider\">\n\t\t\t<span class=\"elementor-divider-separator\">\n\t\t\t\t\t\t<\/span>\n\t\t<\/div>\n\t\t\t\t\t\t<\/div>\n\t\t\t\t<\/div>\n\t\t\t\t<div class=\"elementor-element elementor-element-90b4440 elementor-widget elementor-widget-text-editor\" data-id=\"90b4440\" data-element_type=\"widget\" data-e-type=\"widget\" data-widget_type=\"text-editor.default\">\n\t\t\t\t<div class=\"elementor-widget-container\">\n\t\t\t\t\t\t\t\t\t<p>Conform\u00e9ment \u00e0 la loi informatique et libert\u00e9s N\u00b0 78-17 du 06 janvier 1978, vous pouvez \u00e0 tout moment modifier ou supprimer les renseignements li\u00e9s \u00e0 votre inscription. Ces informations vous concernant \u00e9tant confidentielles, la soci\u00e9t\u00e9 Groupe Moretto s\u2019engage \u00e0 les prot\u00e9ger.<br \/><br \/>Vous disposez d\u2019un droit d\u2019acc\u00e8s, de modification, de rectification et de suppression des donn\u00e9es qui vous concernent (art. 34 de la loi \u00ab Informatique et Libert\u00e9s \u00bb). Vous pouvez exercer ce droit directement sur le site ou en nous contactant par email \u00e0 l&rsquo;adresse\u00a0contact@groupemoretto.com,\u00a0ou par courrier, \u00e0 l&rsquo;attention du d\u00e9l\u00e9gu\u00e9 de la protection des donn\u00e9es, \u00e0 l&rsquo;adresse :<br \/><br \/>Groupe Moretto\u2028ZEI DU WAMEAU\u202855430 BELLEVILLE<\/p>\t\t\t\t\t\t\t\t<\/div>\n\t\t\t\t<\/div>\n\t\t\t\t<div class=\"elementor-element elementor-element-470092d elementor-widget elementor-widget-heading\" data-id=\"470092d\" data-element_type=\"widget\" data-e-type=\"widget\" data-widget_type=\"heading.default\">\n\t\t\t\t<div class=\"elementor-widget-container\">\n\t\t\t\t\t<h2 class=\"elementor-heading-title elementor-size-default\">SITE R\u00c9ALIS\u00c9 PAR LA SOCI\u00c9T\u00c9 <\/h2>\t\t\t\t<\/div>\n\t\t\t\t<\/div>\n\t\t\t\t<div class=\"elementor-element elementor-element-ffaaf67 elementor-widget-divider--view-line elementor-widget elementor-widget-divider\" data-id=\"ffaaf67\" data-element_type=\"widget\" data-e-type=\"widget\" data-widget_type=\"divider.default\">\n\t\t\t\t<div class=\"elementor-widget-container\">\n\t\t\t\t\t\t\t<div class=\"elementor-divider\">\n\t\t\t<span class=\"elementor-divider-separator\">\n\t\t\t\t\t\t<\/span>\n\t\t<\/div>\n\t\t\t\t\t\t<\/div>\n\t\t\t\t<\/div>\n\t\t\t\t<div class=\"elementor-element elementor-element-41c9f2f elementor-widget elementor-widget-text-editor\" data-id=\"41c9f2f\" data-element_type=\"widget\" data-e-type=\"widget\" data-widget_type=\"text-editor.default\">\n\t\t\t\t<div class=\"elementor-widget-container\">\n\t\t\t\t\t\t\t\t\t<p>Karita Interactive\u2028<\/p>\n<p>T\u00e9l. : +33 (0)4 67 42 66 28\u2028<\/p>\n<p>www.karita.fr\u2028contact@karita.fr<\/p>\t\t\t\t\t\t\t\t<\/div>\n\t\t\t\t<\/div>\n\t\t\t\t<div class=\"elementor-element elementor-element-1d32a72 elementor-widget elementor-widget-heading\" data-id=\"1d32a72\" data-element_type=\"widget\" data-e-type=\"widget\" data-widget_type=\"heading.default\">\n\t\t\t\t<div class=\"elementor-widget-container\">\n\t\t\t\t\t<h2 class=\"elementor-heading-title elementor-size-default\">\u00c9DITEUR ET H\u00c9B\u00c9RGEMENT<\/h2>\t\t\t\t<\/div>\n\t\t\t\t<\/div>\n\t\t\t\t<div class=\"elementor-element elementor-element-31729d4 elementor-widget-divider--view-line elementor-widget elementor-widget-divider\" data-id=\"31729d4\" data-element_type=\"widget\" data-e-type=\"widget\" data-widget_type=\"divider.default\">\n\t\t\t\t<div class=\"elementor-widget-container\">\n\t\t\t\t\t\t\t<div class=\"elementor-divider\">\n\t\t\t<span class=\"elementor-divider-separator\">\n\t\t\t\t\t\t<\/span>\n\t\t<\/div>\n\t\t\t\t\t\t<\/div>\n\t\t\t\t<\/div>\n\t\t\t\t<div class=\"elementor-element elementor-element-5387893 elementor-widget elementor-widget-text-editor\" data-id=\"5387893\" data-element_type=\"widget\" data-e-type=\"widget\" data-widget_type=\"text-editor.default\">\n\t\t\t\t<div class=\"elementor-widget-container\">\n\t\t\t\t\t\t\t\t\t<p>Karita Interactive\u2028<\/p>\n<p>14 rue des vergers\u202834130 MUDAISON \u2013 France\u2028<\/p>\n<p>T\u00e9l : +33 (0)4 67 42 66 28<br \/><br \/>F\u00e9NiX\u202817 rue Dupont des Loges\u202857000 Metz\u2028<\/p>\n<p>www.fenix-online.fr\u2028<\/p>\n<p>SIRET : 790 388 466 000 27<\/p>\t\t\t\t\t\t\t\t<\/div>\n\t\t\t\t<\/div>\n\t\t\t\t\t<\/div>\n\t\t\t\t<\/div>\n\t\t\t\t<\/div>\n\t\t","protected":false},"excerpt":{"rendered":"<p>MENTIONS LEGALES LES MENTIONS L\u00c9GALES DU GROUPE MORETTO &#8211; MVM 55 Groupe Moretto\u00a0compos\u00e9 des enseignes JM Automobiles, JM Automobiles 57, Seven autombiles, Fast automobiles, Azur Motors et AKA Motors. Si\u00e8ge social : JM Automobiles,\u00a0ZEI DU WAMEAU 55430 BELLEVILLE Siren JM Automobiles : 379070832 Directeur de la publication :\u00a0Arnaud Mathieu CONDITIONS G\u00c9N\u00c9RALES D&rsquo;UTILISATION L\u2019utilisation de ce [&hellip;]<\/p>\n","protected":false},"author":2,"featured_media":0,"parent":0,"menu_order":0,"comment_status":"closed","ping_status":"closed","template":"elementor_header_footer","meta":{"footnotes":""},"class_list":["post-195","page","type-page","status-publish","hentry"],"_links":{"self":[{"href":"https:\/\/groupemoretto.com\/deux-roues\/index.php?rest_route=\/wp\/v2\/pages\/195","targetHints":{"allow":["GET"]}}],"collection":[{"href":"https:\/\/groupemoretto.com\/deux-roues\/index.php?rest_route=\/wp\/v2\/pages"}],"about":[{"href":"https:\/\/groupemoretto.com\/deux-roues\/index.php?rest_route=\/wp\/v2\/types\/page"}],"author":[{"embeddable":true,"href":"https:\/\/groupemoretto.com\/deux-roues\/index.php?rest_route=\/wp\/v2\/users\/2"}],"replies":[{"embeddable":true,"href":"https:\/\/groupemoretto.com\/deux-roues\/index.php?rest_route=%2Fwp%2Fv2%2Fcomments&post=195"}],"version-history":[{"count":5,"href":"https:\/\/groupemoretto.com\/deux-roues\/index.php?rest_route=\/wp\/v2\/pages\/195\/revisions"}],"predecessor-version":[{"id":320,"href":"https:\/\/groupemoretto.com\/deux-roues\/index.php?rest_route=\/wp\/v2\/pages\/195\/revisions\/320"}],"wp:attachment":[{"href":"https:\/\/groupemoretto.com\/deux-roues\/index.php?rest_route=%2Fwp%2Fv2%2Fmedia&parent=195"}],"curies":[{"name":"wp","href":"https:\/\/api.w.org\/{rel}","templated":true}]}}